{"id":440,"date":"2022-04-04T00:11:27","date_gmt":"2022-04-04T00:11:27","guid":{"rendered":"https:\/\/www.imsm.ca\/home\/"},"modified":"2022-04-29T21:32:00","modified_gmt":"2022-04-29T21:32:00","slug":"home","status":"publish","type":"page","link":"https:\/\/www.imsm.ca\/en\/","title":{"rendered":"Home"},"content":{"rendered":"","protected":false},"excerpt":{"rendered":"","protected":false},"author":1,"featured_media":0,"parent":0,"menu_order":0,"comment_status":"closed","ping_status":"closed","template":"page-templates\/front-page.php","meta":{"_acf_changed":false,"inline_featured_image":false,"_genesis_hide_title":false,"_genesis_hide_breadcrumbs":false,"_genesis_hide_singular_image":false,"_genesis_hide_footer_widgets":false,"_genesis_custom_body_class":"","_genesis_custom_post_class":"","_genesis_layout":"","footnotes":""},"class_list":{"0":"post-440","1":"page","2":"type-page","3":"status-publish","5":"entry"},"acf":[],"yoast_head":"<!-- This site is optimized with the Yoast SEO plugin v27.3 - https:\/\/yoast.com\/product\/yoast-seo-wordpress\/ -->\n<title>Home - Institut de m\u00e9decine sp\u00e9cialis\u00e9e de Montr\u00e9al<\/title>\n<meta name=\"robots\" content=\"index, follow, max-snippet:-1, max-image-preview:large, max-video-preview:-1\" \/>\n<link rel=\"canonical\" href=\"https:\/\/www.imsm.ca\/en\/\" \/>\n<meta property=\"og:locale\" content=\"en_US\" \/>\n<meta property=\"og:type\" content=\"article\" \/>\n<meta property=\"og:title\" content=\"Home - Institut de m\u00e9decine sp\u00e9cialis\u00e9e de Montr\u00e9al\" \/>\n<meta property=\"og:url\" content=\"https:\/\/www.imsm.ca\/en\/\" \/>\n<meta property=\"og:site_name\" content=\"Institut de m\u00e9decine sp\u00e9cialis\u00e9e de Montr\u00e9al\" \/>\n<meta property=\"article:modified_time\" content=\"2022-04-29T21:32:00+00:00\" \/>\n<meta name=\"twitter:card\" content=\"summary_large_image\" \/>\n<script type=\"application\/ld+json\" class=\"yoast-schema-graph\">{\"@context\":\"https:\\\/\\\/schema.org\",\"@graph\":[{\"@type\":\"WebPage\",\"@id\":\"https:\\\/\\\/www.imsm.ca\\\/en\\\/\",\"url\":\"https:\\\/\\\/www.imsm.ca\\\/en\\\/\",\"name\":\"Home - Institut de m\u00e9decine sp\u00e9cialis\u00e9e de Montr\u00e9al\",\"isPartOf\":{\"@id\":\"https:\\\/\\\/www.imsm.ca\\\/#website\"},\"datePublished\":\"2022-04-04T00:11:27+00:00\",\"dateModified\":\"2022-04-29T21:32:00+00:00\",\"breadcrumb\":{\"@id\":\"https:\\\/\\\/www.imsm.ca\\\/en\\\/#breadcrumb\"},\"inLanguage\":\"en-US\",\"potentialAction\":[{\"@type\":\"ReadAction\",\"target\":[\"https:\\\/\\\/www.imsm.ca\\\/en\\\/\"]}]},{\"@type\":\"BreadcrumbList\",\"@id\":\"https:\\\/\\\/www.imsm.ca\\\/en\\\/#breadcrumb\",\"itemListElement\":[{\"@type\":\"ListItem\",\"position\":1,\"name\":\"Home\",\"item\":\"https:\\\/\\\/www.imsm.ca\\\/en\\\/\"},{\"@type\":\"ListItem\",\"position\":2,\"name\":\"Home\"}]},{\"@type\":\"WebSite\",\"@id\":\"https:\\\/\\\/www.imsm.ca\\\/#website\",\"url\":\"https:\\\/\\\/www.imsm.ca\\\/\",\"name\":\"Institut de m\u00e9decine sp\u00e9cialis\u00e9e de Montr\u00e9al\",\"description\":\"Votre sant\u00e9, notre priorit\u00e9!\",\"publisher\":{\"@id\":\"https:\\\/\\\/www.imsm.ca\\\/#organization\"},\"potentialAction\":[{\"@type\":\"SearchAction\",\"target\":{\"@type\":\"EntryPoint\",\"urlTemplate\":\"https:\\\/\\\/www.imsm.ca\\\/?s={search_term_string}\"},\"query-input\":{\"@type\":\"PropertyValueSpecification\",\"valueRequired\":true,\"valueName\":\"search_term_string\"}}],\"inLanguage\":\"en-US\"},{\"@type\":\"Organization\",\"@id\":\"https:\\\/\\\/www.imsm.ca\\\/#organization\",\"name\":\"Institut de m\u00e9decine sp\u00e9cialis\u00e9e de Montr\u00e9al\",\"url\":\"https:\\\/\\\/www.imsm.ca\\\/\",\"logo\":{\"@type\":\"ImageObject\",\"inLanguage\":\"en-US\",\"@id\":\"https:\\\/\\\/www.imsm.ca\\\/#\\\/schema\\\/logo\\\/image\\\/\",\"url\":\"https:\\\/\\\/www.imsm.ca\\\/wp-content\\\/uploads\\\/2022\\\/03\\\/IMSM_logo@2x.png\",\"contentUrl\":\"https:\\\/\\\/www.imsm.ca\\\/wp-content\\\/uploads\\\/2022\\\/03\\\/IMSM_logo@2x.png\",\"width\":670,\"height\":140,\"caption\":\"Institut de m\u00e9decine sp\u00e9cialis\u00e9e de Montr\u00e9al\"},\"image\":{\"@id\":\"https:\\\/\\\/www.imsm.ca\\\/#\\\/schema\\\/logo\\\/image\\\/\"}}]}<\/script>\n<!-- \/ Yoast SEO plugin. -->","yoast_head_json":{"title":"Home - Institut de m\u00e9decine sp\u00e9cialis\u00e9e de Montr\u00e9al","robots":{"index":"index","follow":"follow","max-snippet":"max-snippet:-1","max-image-preview":"max-image-preview:large","max-video-preview":"max-video-preview:-1"},"canonical":"https:\/\/www.imsm.ca\/en\/","og_locale":"en_US","og_type":"article","og_title":"Home - Institut de m\u00e9decine sp\u00e9cialis\u00e9e de Montr\u00e9al","og_url":"https:\/\/www.imsm.ca\/en\/","og_site_name":"Institut de m\u00e9decine sp\u00e9cialis\u00e9e de Montr\u00e9al","article_modified_time":"2022-04-29T21:32:00+00:00","twitter_card":"summary_large_image","schema":{"@context":"https:\/\/schema.org","@graph":[{"@type":"WebPage","@id":"https:\/\/www.imsm.ca\/en\/","url":"https:\/\/www.imsm.ca\/en\/","name":"Home - Institut de m\u00e9decine sp\u00e9cialis\u00e9e de Montr\u00e9al","isPartOf":{"@id":"https:\/\/www.imsm.ca\/#website"},"datePublished":"2022-04-04T00:11:27+00:00","dateModified":"2022-04-29T21:32:00+00:00","breadcrumb":{"@id":"https:\/\/www.imsm.ca\/en\/#breadcrumb"},"inLanguage":"en-US","potentialAction":[{"@type":"ReadAction","target":["https:\/\/www.imsm.ca\/en\/"]}]},{"@type":"BreadcrumbList","@id":"https:\/\/www.imsm.ca\/en\/#breadcrumb","itemListElement":[{"@type":"ListItem","position":1,"name":"Home","item":"https:\/\/www.imsm.ca\/en\/"},{"@type":"ListItem","position":2,"name":"Home"}]},{"@type":"WebSite","@id":"https:\/\/www.imsm.ca\/#website","url":"https:\/\/www.imsm.ca\/","name":"Institut de m\u00e9decine sp\u00e9cialis\u00e9e de Montr\u00e9al","description":"Votre sant\u00e9, notre priorit\u00e9!","publisher":{"@id":"https:\/\/www.imsm.ca\/#organization"},"potentialAction":[{"@type":"SearchAction","target":{"@type":"EntryPoint","urlTemplate":"https:\/\/www.imsm.ca\/?s={search_term_string}"},"query-input":{"@type":"PropertyValueSpecification","valueRequired":true,"valueName":"search_term_string"}}],"inLanguage":"en-US"},{"@type":"Organization","@id":"https:\/\/www.imsm.ca\/#organization","name":"Institut de m\u00e9decine sp\u00e9cialis\u00e9e de Montr\u00e9al","url":"https:\/\/www.imsm.ca\/","logo":{"@type":"ImageObject","inLanguage":"en-US","@id":"https:\/\/www.imsm.ca\/#\/schema\/logo\/image\/","url":"https:\/\/www.imsm.ca\/wp-content\/uploads\/2022\/03\/IMSM_logo@2x.png","contentUrl":"https:\/\/www.imsm.ca\/wp-content\/uploads\/2022\/03\/IMSM_logo@2x.png","width":670,"height":140,"caption":"Institut de m\u00e9decine sp\u00e9cialis\u00e9e de Montr\u00e9al"},"image":{"@id":"https:\/\/www.imsm.ca\/#\/schema\/logo\/image\/"}}]}},"_links":{"self":[{"href":"https:\/\/www.imsm.ca\/en\/wp-json\/wp\/v2\/pages\/440","targetHints":{"allow":["GET"]}}],"collection":[{"href":"https:\/\/www.imsm.ca\/en\/wp-json\/wp\/v2\/pages"}],"about":[{"href":"https:\/\/www.imsm.ca\/en\/wp-json\/wp\/v2\/types\/page"}],"author":[{"embeddable":true,"href":"https:\/\/www.imsm.ca\/en\/wp-json\/wp\/v2\/users\/1"}],"replies":[{"embeddable":true,"href":"https:\/\/www.imsm.ca\/en\/wp-json\/wp\/v2\/comments?post=440"}],"version-history":[{"count":5,"href":"https:\/\/www.imsm.ca\/en\/wp-json\/wp\/v2\/pages\/440\/revisions"}],"predecessor-version":[{"id":513,"href":"https:\/\/www.imsm.ca\/en\/wp-json\/wp\/v2\/pages\/440\/revisions\/513"}],"wp:attachment":[{"href":"https:\/\/www.imsm.ca\/en\/wp-json\/wp\/v2\/media?parent=440"}],"curies":[{"name":"wp","href":"https:\/\/api.w.org\/{rel}","templated":true}]}}