{"id":492,"date":"2022-04-27T20:31:45","date_gmt":"2022-04-27T20:31:45","guid":{"rendered":"https:\/\/www.imsm.ca\/termes-et-conditions\/"},"modified":"2022-04-27T20:46:05","modified_gmt":"2022-04-27T20:46:05","slug":"terms-and-conditions","status":"publish","type":"page","link":"https:\/\/www.imsm.ca\/en\/terms-and-conditions\/","title":{"rendered":"Terms and Conditions"},"content":{"rendered":"\n<h4 class=\"wp-block-heading\">1.&nbsp;&nbsp;&nbsp;&nbsp; Conditional use of this Site and involvement in events relating to the Thoracic Surgery Research Foundation of Montreal<\/h4>\n\n\n\n<p>Your access to and use of this website and its contents (the \u201cSite\u201d), along with participation in events hosted by the Thoracic Surgery Research Foundation of Montreal (the \u201cFoundation\u201d) and donations made to the Foundation are subject to the terms and conditions of these Terms of Use and all applicable laws (collectively, the \u201cTerms\u201d). By accessing and using this Site, you (the \u201cUser\u201d) accept and agree to these Terms without any limitation or qualification. Please note the Foundation may change information on this Site and\/or these Terms, at any time without notice. The User should regularly review these Terms for any changes.<\/p>\n\n\n\n<h4 class=\"wp-block-heading\">2.&nbsp;&nbsp;&nbsp;&nbsp; Privacy Policy<\/h4>\n\n\n\n<p>The Foundation respects concerns about the privacy of the User\u2019s personal information. Please review our Privacy Policy on how the Foundation collects, uses, discloses and manages the User\u2019s personal information.<\/p>\n\n\n\n<h4 class=\"wp-block-heading\">3.&nbsp;&nbsp;&nbsp;&nbsp; General Restrictions<\/h4>\n\n\n\n<p>The User may use this Site for personal, non-commercial or informational purposes only<\/p>\n\n\n\n<p>The User may not copy, reproduce, reuse, retransmit, adapt, publish, frame, post, upload, modify, broadcast or distribute any Content (as further defined in Article 4 below) in any way, including for any public or commercial purpose whatsoever, without the prior written permission of the Foundation<\/p>\n\n\n\n<p>The User may not use any third party likenesses, names, and\/or properties without that third party\u2019s express written permission<\/p>\n\n\n\n<p>The User may not send any material to the Site that is unlawful, harmful (including any virus), threatening, libellous, defamatory, obscene, scandalous, inflammatory, pornographic, indecent or profane or that could constitute or encourage a violation of any law<\/p>\n\n\n\n<p>The Foundation may review, edit or delete materials Users send to this Site, but are not obligated to do so<\/p>\n\n\n\n<p>The Foundation may cancel any registration(s) or account(s) on this Site at any time, without notice or liability, for any reason, including if technical problems, irregularities or misuse occurs<\/p>\n\n\n\n<h4 class=\"wp-block-heading\">4.&nbsp;&nbsp;&nbsp;&nbsp; User Conduct<\/h4>\n\n\n\n<p>All information, text, images, audio, video, designs, names, logos, trademarks, data, code or other information, material or content on this Site submitted by a User, whether publicly or privately posted, emailed, transmitted, uploaded or otherwise submitted to the Foundation via this Site is the sole responsibility of the User.<\/p>\n\n\n\n<h4 class=\"wp-block-heading\">5.&nbsp;&nbsp;&nbsp;&nbsp; Copyright<\/h4>\n\n\n\n<p>This Site is copyright \u00a9 The Thoracic Surgery Research Foundation of Montreal and is protected by copyright law. Specific content such as articles, photos and images are subject to the copyright of their respective owners. All rights are reserved. Any unauthorized distribution, transmission or publication is strictly prohibited.<\/p>\n\n\n\n<h4 class=\"wp-block-heading\">6.&nbsp;&nbsp;&nbsp;&nbsp; Waiver<\/h4>\n\n\n\n<p>The Foundation tries to make the Site and its Content reliable, but inaccuracies may occur. Therefore, regardless of anything else on the Site or in these Terms:<\/p>\n\n\n\n<p>The use of the Site is at User\u2019s own risk and is provided to the User \u201cas is\u201d; and<\/p>\n\n\n\n<p>To the fullest extent permitted by law, the Foundation disclaims all warranties regarding the Site and shall not be responsible or liable for any damages due to statements, errors or omissions in the Site, content infringing any third party\u2019s rights, viruses that may be transmitted to User\u2019s computer, linking to any other site or its nature or contents, or any other matter regarding this Site and User\u2019s use thereof.<\/p>\n\n\n\n<h4 class=\"wp-block-heading\">7.&nbsp;&nbsp;&nbsp;&nbsp; Donations<\/h4>\n\n\n\n<p>The Foundation is proud to be a leader in fundraising in Quebec and within Canada, and the Foundation is committed to following all rules and regulations regarding tax receipting set out by the Federal and Provincial tax authorities. Your donation is appreciated. All donations are non-refundable and non-transferable.<\/p>\n\n\n\n<h4 class=\"wp-block-heading\">8.&nbsp;&nbsp;&nbsp;&nbsp; Other Sites<\/h4>\n\n\n\n<p>This Site may contain links to other websites that the Foundation does not own or operate. The Foundation does not control, recommend or endorse and is not responsible for these sites or their content, products, services or privacy policies. Downloading material from certain sites may risk infringing intellectual property rights or introducing viruses into User\u2019s system. User should take notice when User leave this Site and read the privacy policies and terms of these other sites. User should also independently assess the authenticity of any website which appears or claims that it is one of our sites (including those linked to through an email).<\/p>\n\n\n\n<h4 class=\"wp-block-heading\">9.&nbsp;&nbsp;&nbsp;&nbsp; Governing Law<\/h4>\n\n\n\n<p>The Foundation controls and operates the Site from Montreal, Quebec, Canada (regardless of where hosting servers are located). All matters relating to the Site are governed by and construed in accordance with the laws of the Province of Quebec, without reference to conflict or choice of law principles. The User agrees that jurisdiction and venue for any legal proceeding relating to the Site shall be in appropriate courts located in the City of Montreal. The Foundation does not warrant or imply that the Site or materials on it are appropriate for use outside Canada.<\/p>\n","protected":false},"excerpt":{"rendered":"<p>1.&nbsp;&nbsp;&nbsp;&nbsp; Conditional use of this Site and involvement in events relating to the Thoracic Surgery Research Foundation of Montreal Your access to and use of this website and its contents (the \u201cSite\u201d), along with participation in events hosted by the Thoracic Surgery Research Foundation of Montreal (the \u201cFoundation\u201d) and donations made to the Foundation are [&hellip;]<\/p>\n","protected":false},"author":2,"featured_media":0,"parent":0,"menu_order":0,"comment_status":"closed","ping_status":"closed","template":"","meta":{"_acf_changed":false,"inline_featured_image":false,"_genesis_hide_title":false,"_genesis_hide_breadcrumbs":false,"_genesis_hide_singular_image":false,"_genesis_hide_footer_widgets":false,"_genesis_custom_body_class":"","_genesis_custom_post_class":"","_genesis_layout":"","footnotes":""},"class_list":{"0":"post-492","1":"page","2":"type-page","3":"status-publish","5":"entry"},"acf":[],"yoast_head":"<!-- This site is optimized with the Yoast SEO plugin v27.3 - https:\/\/yoast.com\/product\/yoast-seo-wordpress\/ -->\n<title>Terms and Conditions - Institut de m\u00e9decine sp\u00e9cialis\u00e9e de Montr\u00e9al<\/title>\n<meta name=\"robots\" content=\"index, follow, max-snippet:-1, max-image-preview:large, max-video-preview:-1\" \/>\n<link rel=\"canonical\" href=\"https:\/\/www.imsm.ca\/en\/terms-and-conditions\/\" \/>\n<meta property=\"og:locale\" content=\"en_US\" \/>\n<meta property=\"og:type\" content=\"article\" \/>\n<meta property=\"og:title\" content=\"Terms and Conditions - Institut de m\u00e9decine sp\u00e9cialis\u00e9e de Montr\u00e9al\" \/>\n<meta property=\"og:description\" content=\"1.&nbsp;&nbsp;&nbsp;&nbsp; Conditional use of this Site and involvement in events relating to the Thoracic Surgery Research Foundation of Montreal Your access to and use of this website and its contents (the \u201cSite\u201d), along with participation in events hosted by the Thoracic Surgery Research Foundation of Montreal (the \u201cFoundation\u201d) and donations made to the Foundation are [&hellip;]\" \/>\n<meta property=\"og:url\" content=\"https:\/\/www.imsm.ca\/en\/terms-and-conditions\/\" \/>\n<meta property=\"og:site_name\" content=\"Institut de m\u00e9decine sp\u00e9cialis\u00e9e de Montr\u00e9al\" \/>\n<meta property=\"article:modified_time\" content=\"2022-04-27T20:46:05+00:00\" \/>\n<meta name=\"twitter:card\" content=\"summary_large_image\" \/>\n<meta name=\"twitter:label1\" content=\"Est. reading time\" \/>\n\t<meta name=\"twitter:data1\" content=\"4 minutes\" \/>\n<script type=\"application\/ld+json\" class=\"yoast-schema-graph\">{\"@context\":\"https:\\\/\\\/schema.org\",\"@graph\":[{\"@type\":\"WebPage\",\"@id\":\"https:\\\/\\\/www.imsm.ca\\\/en\\\/terms-and-conditions\\\/\",\"url\":\"https:\\\/\\\/www.imsm.ca\\\/en\\\/terms-and-conditions\\\/\",\"name\":\"Terms and Conditions - Institut de m\u00e9decine sp\u00e9cialis\u00e9e de Montr\u00e9al\",\"isPartOf\":{\"@id\":\"https:\\\/\\\/www.imsm.ca\\\/#website\"},\"datePublished\":\"2022-04-27T20:31:45+00:00\",\"dateModified\":\"2022-04-27T20:46:05+00:00\",\"breadcrumb\":{\"@id\":\"https:\\\/\\\/www.imsm.ca\\\/en\\\/terms-and-conditions\\\/#breadcrumb\"},\"inLanguage\":\"en-US\",\"potentialAction\":[{\"@type\":\"ReadAction\",\"target\":[\"https:\\\/\\\/www.imsm.ca\\\/en\\\/terms-and-conditions\\\/\"]}]},{\"@type\":\"BreadcrumbList\",\"@id\":\"https:\\\/\\\/www.imsm.ca\\\/en\\\/terms-and-conditions\\\/#breadcrumb\",\"itemListElement\":[{\"@type\":\"ListItem\",\"position\":1,\"name\":\"Home\",\"item\":\"https:\\\/\\\/www.imsm.ca\\\/en\\\/\"},{\"@type\":\"ListItem\",\"position\":2,\"name\":\"Terms and Conditions\"}]},{\"@type\":\"WebSite\",\"@id\":\"https:\\\/\\\/www.imsm.ca\\\/#website\",\"url\":\"https:\\\/\\\/www.imsm.ca\\\/\",\"name\":\"Institut de m\u00e9decine sp\u00e9cialis\u00e9e de Montr\u00e9al\",\"description\":\"Votre sant\u00e9, notre priorit\u00e9!\",\"publisher\":{\"@id\":\"https:\\\/\\\/www.imsm.ca\\\/#organization\"},\"potentialAction\":[{\"@type\":\"SearchAction\",\"target\":{\"@type\":\"EntryPoint\",\"urlTemplate\":\"https:\\\/\\\/www.imsm.ca\\\/?s={search_term_string}\"},\"query-input\":{\"@type\":\"PropertyValueSpecification\",\"valueRequired\":true,\"valueName\":\"search_term_string\"}}],\"inLanguage\":\"en-US\"},{\"@type\":\"Organization\",\"@id\":\"https:\\\/\\\/www.imsm.ca\\\/#organization\",\"name\":\"Institut de m\u00e9decine sp\u00e9cialis\u00e9e de Montr\u00e9al\",\"url\":\"https:\\\/\\\/www.imsm.ca\\\/\",\"logo\":{\"@type\":\"ImageObject\",\"inLanguage\":\"en-US\",\"@id\":\"https:\\\/\\\/www.imsm.ca\\\/#\\\/schema\\\/logo\\\/image\\\/\",\"url\":\"https:\\\/\\\/www.imsm.ca\\\/wp-content\\\/uploads\\\/2022\\\/03\\\/IMSM_logo@2x.png\",\"contentUrl\":\"https:\\\/\\\/www.imsm.ca\\\/wp-content\\\/uploads\\\/2022\\\/03\\\/IMSM_logo@2x.png\",\"width\":670,\"height\":140,\"caption\":\"Institut de m\u00e9decine sp\u00e9cialis\u00e9e de Montr\u00e9al\"},\"image\":{\"@id\":\"https:\\\/\\\/www.imsm.ca\\\/#\\\/schema\\\/logo\\\/image\\\/\"}}]}<\/script>\n<!-- \/ Yoast SEO plugin. -->","yoast_head_json":{"title":"Terms and Conditions - Institut de m\u00e9decine sp\u00e9cialis\u00e9e de Montr\u00e9al","robots":{"index":"index","follow":"follow","max-snippet":"max-snippet:-1","max-image-preview":"max-image-preview:large","max-video-preview":"max-video-preview:-1"},"canonical":"https:\/\/www.imsm.ca\/en\/terms-and-conditions\/","og_locale":"en_US","og_type":"article","og_title":"Terms and Conditions - Institut de m\u00e9decine sp\u00e9cialis\u00e9e de Montr\u00e9al","og_description":"1.&nbsp;&nbsp;&nbsp;&nbsp; Conditional use of this Site and involvement in events relating to the Thoracic Surgery Research Foundation of Montreal Your access to and use of this website and its contents (the \u201cSite\u201d), along with participation in events hosted by the Thoracic Surgery Research Foundation of Montreal (the \u201cFoundation\u201d) and donations made to the Foundation are [&hellip;]","og_url":"https:\/\/www.imsm.ca\/en\/terms-and-conditions\/","og_site_name":"Institut de m\u00e9decine sp\u00e9cialis\u00e9e de Montr\u00e9al","article_modified_time":"2022-04-27T20:46:05+00:00","twitter_card":"summary_large_image","twitter_misc":{"Est. reading time":"4 minutes"},"schema":{"@context":"https:\/\/schema.org","@graph":[{"@type":"WebPage","@id":"https:\/\/www.imsm.ca\/en\/terms-and-conditions\/","url":"https:\/\/www.imsm.ca\/en\/terms-and-conditions\/","name":"Terms and Conditions - Institut de m\u00e9decine sp\u00e9cialis\u00e9e de Montr\u00e9al","isPartOf":{"@id":"https:\/\/www.imsm.ca\/#website"},"datePublished":"2022-04-27T20:31:45+00:00","dateModified":"2022-04-27T20:46:05+00:00","breadcrumb":{"@id":"https:\/\/www.imsm.ca\/en\/terms-and-conditions\/#breadcrumb"},"inLanguage":"en-US","potentialAction":[{"@type":"ReadAction","target":["https:\/\/www.imsm.ca\/en\/terms-and-conditions\/"]}]},{"@type":"BreadcrumbList","@id":"https:\/\/www.imsm.ca\/en\/terms-and-conditions\/#breadcrumb","itemListElement":[{"@type":"ListItem","position":1,"name":"Home","item":"https:\/\/www.imsm.ca\/en\/"},{"@type":"ListItem","position":2,"name":"Terms and Conditions"}]},{"@type":"WebSite","@id":"https:\/\/www.imsm.ca\/#website","url":"https:\/\/www.imsm.ca\/","name":"Institut de m\u00e9decine sp\u00e9cialis\u00e9e de Montr\u00e9al","description":"Votre sant\u00e9, notre priorit\u00e9!","publisher":{"@id":"https:\/\/www.imsm.ca\/#organization"},"potentialAction":[{"@type":"SearchAction","target":{"@type":"EntryPoint","urlTemplate":"https:\/\/www.imsm.ca\/?s={search_term_string}"},"query-input":{"@type":"PropertyValueSpecification","valueRequired":true,"valueName":"search_term_string"}}],"inLanguage":"en-US"},{"@type":"Organization","@id":"https:\/\/www.imsm.ca\/#organization","name":"Institut de m\u00e9decine sp\u00e9cialis\u00e9e de Montr\u00e9al","url":"https:\/\/www.imsm.ca\/","logo":{"@type":"ImageObject","inLanguage":"en-US","@id":"https:\/\/www.imsm.ca\/#\/schema\/logo\/image\/","url":"https:\/\/www.imsm.ca\/wp-content\/uploads\/2022\/03\/IMSM_logo@2x.png","contentUrl":"https:\/\/www.imsm.ca\/wp-content\/uploads\/2022\/03\/IMSM_logo@2x.png","width":670,"height":140,"caption":"Institut de m\u00e9decine sp\u00e9cialis\u00e9e de Montr\u00e9al"},"image":{"@id":"https:\/\/www.imsm.ca\/#\/schema\/logo\/image\/"}}]}},"_links":{"self":[{"href":"https:\/\/www.imsm.ca\/en\/wp-json\/wp\/v2\/pages\/492","targetHints":{"allow":["GET"]}}],"collection":[{"href":"https:\/\/www.imsm.ca\/en\/wp-json\/wp\/v2\/pages"}],"about":[{"href":"https:\/\/www.imsm.ca\/en\/wp-json\/wp\/v2\/types\/page"}],"author":[{"embeddable":true,"href":"https:\/\/www.imsm.ca\/en\/wp-json\/wp\/v2\/users\/2"}],"replies":[{"embeddable":true,"href":"https:\/\/www.imsm.ca\/en\/wp-json\/wp\/v2\/comments?post=492"}],"version-history":[{"count":1,"href":"https:\/\/www.imsm.ca\/en\/wp-json\/wp\/v2\/pages\/492\/revisions"}],"predecessor-version":[{"id":494,"href":"https:\/\/www.imsm.ca\/en\/wp-json\/wp\/v2\/pages\/492\/revisions\/494"}],"wp:attachment":[{"href":"https:\/\/www.imsm.ca\/en\/wp-json\/wp\/v2\/media?parent=492"}],"curies":[{"name":"wp","href":"https:\/\/api.w.org\/{rel}","templated":true}]}}